{"id":11866,"date":"2023-03-16T09:17:43","date_gmt":"2023-03-16T09:17:43","guid":{"rendered":"https:\/\/greenhouse.immo\/?page_id=11866"},"modified":"2023-03-29T12:22:43","modified_gmt":"2023-03-29T12:22:43","slug":"material","status":"publish","type":"page","link":"https:\/\/greenhouse.immo\/de\/material\/","title":{"rendered":"Materialien"},"content":{"rendered":"<div class=\"wp-block-media-text is-stacked-on-mobile is-style-default coblocks-animate\" style=\"grid-template-columns:45% auto\" data-coblocks-animation=\"clipHorizontal\"><figure class=\"wp-block-media-text__media\"><img loading=\"lazy\" decoding=\"async\" width=\"640\" height=\"424\" src=\"https:\/\/greenhouse.immo\/wp-content\/uploads\/2023\/03\/pabst-bsh-fichte-mask-640x424-2.png\" alt=\"\" class=\"wp-image-11881 size-full\" srcset=\"https:\/\/greenhouse.immo\/wp-content\/uploads\/2023\/03\/pabst-bsh-fichte-mask-640x424-2.png 640w, https:\/\/greenhouse.immo\/wp-content\/uploads\/2023\/03\/pabst-bsh-fichte-mask-640x424-2-300x199.png 300w\" sizes=\"auto, (max-width: 640px) 100vw, 640px\" \/><\/figure><div class=\"wp-block-media-text__content\">\n<h2 class=\"wp-block-heading\">Brettschichtholz<\/h2>\n\n\n\n<p style=\"font-size:15px\">Ein Brettschichtholz wird aus Schichten von Holzlamellen (\"Lamellen\") hergestellt, die mit industriellen Klebstoffen (Leim) miteinander verbunden sind. Brettschichtholz wird so hergestellt, dass es einer Reihe von Beanspruchungen standh\u00e4lt. Die Balken werden so hergestellt, dass sich die st\u00e4rksten Lamellen an der Unter- und Oberseite des Balkens befinden, wo die gr\u00f6\u00dften Zug- und Druckspannungen auftreten.<\/p>\n<\/div><\/div>\n\n\n\n<div class=\"wp-block-group\"><div class=\"wp-block-group__inner-container is-layout-constrained wp-block-group-is-layout-constrained\">\n<div class=\"wp-block-media-text alignwide has-media-on-the-right is-stacked-on-mobile coblocks-animate\" style=\"grid-template-columns:auto 45%\" data-coblocks-animation=\"clipHorizontal\"><div class=\"wp-block-media-text__content\">\n<h2 class=\"wp-block-heading\">OSB-Platte<\/h2>\n\n\n\n<p>Die OSB-Platte (oriented strand board) ist ein dekoratives High-Tech-Produkt aus Naturholz. Die Spanstruktur verleiht ihr nicht nur ihr charakteristisches Aussehen, sondern auch die au\u00dfergew\u00f6hnlich hohe Biegefestigkeit. Die OSB-Platte wird aus langen, schmalen Holzstreifen hergestellt, die kreuzweise mit zwei Deckschichten und einer Mittelschicht angeordnet sind.<\/p>\n<\/div><figure class=\"wp-block-media-text__media\"><img loading=\"lazy\" decoding=\"async\" width=\"1024\" height=\"1024\" src=\"https:\/\/greenhouse.immo\/wp-content\/uploads\/2023\/03\/OSB-rigid-hight-tech-1-1024x1024.jpg\" alt=\"\" class=\"wp-image-11603 size-full\" srcset=\"https:\/\/greenhouse.immo\/wp-content\/uploads\/2023\/03\/OSB-rigid-hight-tech-1-1024x1024.jpg 1024w, https:\/\/greenhouse.immo\/wp-content\/uploads\/2023\/03\/OSB-rigid-hight-tech-1-300x300.jpg 300w, https:\/\/greenhouse.immo\/wp-content\/uploads\/2023\/03\/OSB-rigid-hight-tech-1-150x150.jpg 150w, https:\/\/greenhouse.immo\/wp-content\/uploads\/2023\/03\/OSB-rigid-hight-tech-1-768x768.jpg 768w, https:\/\/greenhouse.immo\/wp-content\/uploads\/2023\/03\/OSB-rigid-hight-tech-1-460x460.jpg 460w, https:\/\/greenhouse.immo\/wp-content\/uploads\/2023\/03\/OSB-rigid-hight-tech-1-800x800.jpg 800w, https:\/\/greenhouse.immo\/wp-content\/uploads\/2023\/03\/OSB-rigid-hight-tech-1-110x110.jpg 110w, https:\/\/greenhouse.immo\/wp-content\/uploads\/2023\/03\/OSB-rigid-hight-tech-1-50x50.jpg 50w, https:\/\/greenhouse.immo\/wp-content\/uploads\/2023\/03\/OSB-rigid-hight-tech-1-100x100.jpg 100w, https:\/\/greenhouse.immo\/wp-content\/uploads\/2023\/03\/OSB-rigid-hight-tech-1-600x600.jpg 600w, https:\/\/greenhouse.immo\/wp-content\/uploads\/2023\/03\/OSB-rigid-hight-tech-1-96x96.jpg 96w, https:\/\/greenhouse.immo\/wp-content\/uploads\/2023\/03\/OSB-rigid-hight-tech-1.jpg 1200w\" sizes=\"auto, (max-width: 1024px) 100vw, 1024px\" \/><\/figure><\/div>\n<\/div><\/div>\n\n\n\n<div class=\"wp-block-media-text alignwide is-stacked-on-mobile coblocks-animate\" style=\"grid-template-columns:45% auto\" data-coblocks-animation=\"clipHorizontal\"><figure class=\"wp-block-media-text__media\"><img loading=\"lazy\" decoding=\"async\" width=\"1024\" height=\"576\" src=\"https:\/\/greenhouse.immo\/wp-content\/uploads\/2023\/03\/best-wood-multitherm_110-1-1024x576.jpg\" alt=\"\" class=\"wp-image-11911 size-full\" srcset=\"https:\/\/greenhouse.immo\/wp-content\/uploads\/2023\/03\/best-wood-multitherm_110-1-1024x576.jpg 1024w, https:\/\/greenhouse.immo\/wp-content\/uploads\/2023\/03\/best-wood-multitherm_110-1-300x169.jpg 300w, https:\/\/greenhouse.immo\/wp-content\/uploads\/2023\/03\/best-wood-multitherm_110-1-768x432.jpg 768w, https:\/\/greenhouse.immo\/wp-content\/uploads\/2023\/03\/best-wood-multitherm_110-1-1536x864.jpg 1536w, https:\/\/greenhouse.immo\/wp-content\/uploads\/2023\/03\/best-wood-multitherm_110-1-800x450.jpg 800w, https:\/\/greenhouse.immo\/wp-content\/uploads\/2023\/03\/best-wood-multitherm_110-1.jpg 1920w\" sizes=\"auto, (max-width: 1024px) 100vw, 1024px\" \/><\/figure><div class=\"wp-block-media-text__content\">\n<h2 class=\"wp-block-heading\">Holzfaserd\u00e4mmung<\/h2>\n\n\n\n<p>Holzfaserd\u00e4mmung ist eine druckfeste, leichte D\u00e4mmplatte mit hervorragenden W\u00e4rmed\u00e4mmeigenschaften. Sie eignet sich universell f\u00fcr den Einsatz in Dach- und Wandkonstruktionen und tr\u00e4gt zu einem gesunden Raumklima sowie zu hoher Energieeffizienz bei.<\/p>\n<\/div><\/div>\n\n\n\n<div class=\"wp-block-media-text alignwide has-media-on-the-right is-stacked-on-mobile\"><div class=\"wp-block-media-text__content\">\n<h2 class=\"wp-block-heading\">CLT - Brettsperrholz<\/h2>\n\n\n\n<p>CLT (Cross Laminated Timber) ist ein massives, vorgefertigtes Holzbausystem. Es vereint die nat\u00fcrlichen Vorteile von Holz mit modernster Technologie und erm\u00f6glicht einen hohen Vorfertigungsgrad sowie eine schnelle und sichere Bauweise. In Relation zu seinem Gewicht z\u00e4hlt CLT zu den leistungsf\u00e4higsten Baustoffen und eignet sich ideal f\u00fcr mehrgeschossige Geb\u00e4ude wie Wohnh\u00e4user, Gewerbebauten (B\u00fcros, Hotels), \u00f6ffentliche Geb\u00e4ude wie Schulen, Kinderg\u00e4rten oder Pflegeeinrichtungen und vieles mehr.<\/p>\n<\/div><figure class=\"wp-block-media-text__media\"><img loading=\"lazy\" decoding=\"async\" width=\"768\" height=\"512\" src=\"https:\/\/greenhouse.immo\/wp-content\/uploads\/2023\/03\/CLT-768x512-1.png\" alt=\"\" class=\"wp-image-12779 size-full\" srcset=\"https:\/\/greenhouse.immo\/wp-content\/uploads\/2023\/03\/CLT-768x512-1.png 768w, https:\/\/greenhouse.immo\/wp-content\/uploads\/2023\/03\/CLT-768x512-1-300x200.png 300w, https:\/\/greenhouse.immo\/wp-content\/uploads\/2023\/03\/CLT-768x512-1-18x12.png 18w\" sizes=\"auto, (max-width: 768px) 100vw, 768px\" \/><\/figure><\/div>\n\n\n\n<div class=\"wp-block-media-text alignwide is-stacked-on-mobile coblocks-animate\" style=\"grid-template-columns:45% auto\" data-coblocks-animation=\"clipHorizontal\"><figure class=\"wp-block-media-text__media\"><img loading=\"lazy\" decoding=\"async\" width=\"1000\" height=\"770\" src=\"https:\/\/greenhouse.immo\/wp-content\/uploads\/2023\/03\/large-fermacell-10mm.png\" alt=\"\" class=\"wp-image-11901 size-full\" srcset=\"https:\/\/greenhouse.immo\/wp-content\/uploads\/2023\/03\/large-fermacell-10mm.png 1000w, https:\/\/greenhouse.immo\/wp-content\/uploads\/2023\/03\/large-fermacell-10mm-300x231.png 300w, https:\/\/greenhouse.immo\/wp-content\/uploads\/2023\/03\/large-fermacell-10mm-768x591.png 768w, https:\/\/greenhouse.immo\/wp-content\/uploads\/2023\/03\/large-fermacell-10mm-800x616.png 800w\" sizes=\"auto, (max-width: 1000px) 100vw, 1000px\" \/><\/figure><div class=\"wp-block-media-text__content\">\n<h2 class=\"wp-block-heading\">Verschiedene Arten von Gipsfaserplatten<\/h2>\n\n\n\n<p>Gipsfaserplatten sind ein verst\u00e4rkter Verbundwerkstoff aus Gips und Zellulosefasern. Diese Rohstoffe werden gemischt und nach Zugabe von Wasser \u2013 ohne weitere Bindemittel \u2013 unter hohem Druck zu Platten gepresst. Nach dem Trocknen werden die Platten mit einem hydrophobierenden Mittel behandelt und auf die gew\u00fcnschten Formate zugeschnitten.<\/p>\n<\/div><\/div>\n\n\n\n<div class=\"wp-block-media-text alignwide has-media-on-the-right is-stacked-on-mobile coblocks-animate\" data-coblocks-animation=\"clipHorizontal\"><div class=\"wp-block-media-text__content\">\n<h2 class=\"wp-block-heading\">Expandiertes Polystyrol (EPS)<\/h2>\n\n\n\n<p>Expandiertes Polystyrol (EPS) wird aufgrund seines geringen Gewichts, seiner Festigkeit, Langlebigkeit, hervorragenden W\u00e4rmed\u00e4mmung und sto\u00dfd\u00e4mpfenden Eigenschaften in zahlreichen Anwendungen eingesetzt. Seine isolierenden Eigenschaften tragen wesentlich zur Senkung der Energiekosten bei.<\/p>\n<\/div><figure class=\"wp-block-media-text__media\"><img loading=\"lazy\" decoding=\"async\" width=\"450\" height=\"450\" src=\"https:\/\/greenhouse.immo\/wp-content\/uploads\/2023\/03\/gppss.jpg\" alt=\"\" class=\"wp-image-11915 size-full\" srcset=\"https:\/\/greenhouse.immo\/wp-content\/uploads\/2023\/03\/gppss.jpg 450w, https:\/\/greenhouse.immo\/wp-content\/uploads\/2023\/03\/gppss-300x300.jpg 300w, https:\/\/greenhouse.immo\/wp-content\/uploads\/2023\/03\/gppss-150x150.jpg 150w, https:\/\/greenhouse.immo\/wp-content\/uploads\/2023\/03\/gppss-110x110.jpg 110w, https:\/\/greenhouse.immo\/wp-content\/uploads\/2023\/03\/gppss-50x50.jpg 50w, https:\/\/greenhouse.immo\/wp-content\/uploads\/2023\/03\/gppss-100x100.jpg 100w, https:\/\/greenhouse.immo\/wp-content\/uploads\/2023\/03\/gppss-96x96.jpg 96w\" sizes=\"auto, (max-width: 450px) 100vw, 450px\" \/><\/figure><\/div>\n\n\n\n<div class=\"wp-block-media-text alignwide is-stacked-on-mobile coblocks-animate\" style=\"grid-template-columns:30% auto\" data-coblocks-animation=\"clipHorizontal\"><figure class=\"wp-block-media-text__media\"><img loading=\"lazy\" decoding=\"async\" width=\"612\" height=\"612\" src=\"https:\/\/greenhouse.immo\/wp-content\/uploads\/2023\/03\/4558d8a6-6e72-4cc4-bb8c-cc3d4e866a75.3e8208e54fc5830769b5baeecc2da428.jpeg\" alt=\"\" class=\"wp-image-11976 size-full\" srcset=\"https:\/\/greenhouse.immo\/wp-content\/uploads\/2023\/03\/4558d8a6-6e72-4cc4-bb8c-cc3d4e866a75.3e8208e54fc5830769b5baeecc2da428.jpeg 612w, https:\/\/greenhouse.immo\/wp-content\/uploads\/2023\/03\/4558d8a6-6e72-4cc4-bb8c-cc3d4e866a75.3e8208e54fc5830769b5baeecc2da428-300x300.jpeg 300w, https:\/\/greenhouse.immo\/wp-content\/uploads\/2023\/03\/4558d8a6-6e72-4cc4-bb8c-cc3d4e866a75.3e8208e54fc5830769b5baeecc2da428-150x150.jpeg 150w, https:\/\/greenhouse.immo\/wp-content\/uploads\/2023\/03\/4558d8a6-6e72-4cc4-bb8c-cc3d4e866a75.3e8208e54fc5830769b5baeecc2da428-460x460.jpeg 460w, https:\/\/greenhouse.immo\/wp-content\/uploads\/2023\/03\/4558d8a6-6e72-4cc4-bb8c-cc3d4e866a75.3e8208e54fc5830769b5baeecc2da428-110x110.jpeg 110w, https:\/\/greenhouse.immo\/wp-content\/uploads\/2023\/03\/4558d8a6-6e72-4cc4-bb8c-cc3d4e866a75.3e8208e54fc5830769b5baeecc2da428-50x50.jpeg 50w, https:\/\/greenhouse.immo\/wp-content\/uploads\/2023\/03\/4558d8a6-6e72-4cc4-bb8c-cc3d4e866a75.3e8208e54fc5830769b5baeecc2da428-100x100.jpeg 100w, https:\/\/greenhouse.immo\/wp-content\/uploads\/2023\/03\/4558d8a6-6e72-4cc4-bb8c-cc3d4e866a75.3e8208e54fc5830769b5baeecc2da428-600x600.jpeg 600w, https:\/\/greenhouse.immo\/wp-content\/uploads\/2023\/03\/4558d8a6-6e72-4cc4-bb8c-cc3d4e866a75.3e8208e54fc5830769b5baeecc2da428-96x96.jpeg 96w\" sizes=\"auto, (max-width: 612px) 100vw, 612px\" \/><\/figure><div class=\"wp-block-media-text__content\">\n<h2 class=\"wp-block-heading\">Dampfsperre <\/h2>\n\n\n\n<p>Eine Dampfsperre Eine Diffusionsfolie ist ein Material zum Feuchtigkeitsschutz \u2013 meist eine Kunststoff- oder Metallfolie \u2013, das die Ausbreitung von Feuchtigkeit in Wand-, Boden-, Decken- oder Dachkonstruktionen verhindert und so interstitielle Kondensation vermeidet. Technisch gesehen handelt es sich bei vielen dieser Materialien um Dampfbremssysteme mit unterschiedlichen Graden der Wasserdampfdurchl\u00e4ssigkeit.<\/p>\n<\/div><\/div>","protected":false},"excerpt":{"rendered":"<p>Glued laminated timber A glulam is manufactured from layers of wood laminations (\u201clams\u201d) that are bonded together with industrial adhesives (glue). Glulam timbers are manufactured to meet a range of design stresses. Beams are manufactured with the strongest lams on the bottom and top of the beam, where maximum tension and compression stresses occur. OSB [&hellip;]<\/p>","protected":false},"author":3,"featured_media":0,"parent":0,"menu_order":0,"comment_status":"closed","ping_status":"closed","template":"","meta":{"_coblocks_attr":"","_coblocks_dimensions":"","_coblocks_responsive_height":"","_coblocks_accordion_ie_support":"","footnotes":""},"class_list":["post-11866","page","type-page","status-publish","hentry"],"_links":{"self":[{"href":"https:\/\/greenhouse.immo\/de\/wp-json\/wp\/v2\/pages\/11866","targetHints":{"allow":["GET"]}}],"collection":[{"href":"https:\/\/greenhouse.immo\/de\/wp-json\/wp\/v2\/pages"}],"about":[{"href":"https:\/\/greenhouse.immo\/de\/wp-json\/wp\/v2\/types\/page"}],"author":[{"embeddable":true,"href":"https:\/\/greenhouse.immo\/de\/wp-json\/wp\/v2\/users\/3"}],"replies":[{"embeddable":true,"href":"https:\/\/greenhouse.immo\/de\/wp-json\/wp\/v2\/comments?post=11866"}],"version-history":[{"count":0,"href":"https:\/\/greenhouse.immo\/de\/wp-json\/wp\/v2\/pages\/11866\/revisions"}],"wp:attachment":[{"href":"https:\/\/greenhouse.immo\/de\/wp-json\/wp\/v2\/media?parent=11866"}],"curies":[{"name":"wp","href":"https:\/\/api.w.org\/{rel}","templated":true}]}}