{"id":11866,"date":"2023-03-16T09:17:43","date_gmt":"2023-03-16T09:17:43","guid":{"rendered":"https:\/\/greenhouse.immo\/?page_id=11866"},"modified":"2023-03-29T12:22:43","modified_gmt":"2023-03-29T12:22:43","slug":"material","status":"publish","type":"page","link":"https:\/\/greenhouse.immo\/fr\/material\/","title":{"rendered":"Mat\u00e9riaux"},"content":{"rendered":"<div class=\"wp-block-media-text is-stacked-on-mobile is-style-default coblocks-animate\" style=\"grid-template-columns:45% auto\" data-coblocks-animation=\"clipHorizontal\"><figure class=\"wp-block-media-text__media\"><img loading=\"lazy\" decoding=\"async\" width=\"640\" height=\"424\" src=\"https:\/\/greenhouse.immo\/wp-content\/uploads\/2023\/03\/pabst-bsh-fichte-mask-640x424-2.png\" alt=\"\" class=\"wp-image-11881 size-full\" srcset=\"https:\/\/greenhouse.immo\/wp-content\/uploads\/2023\/03\/pabst-bsh-fichte-mask-640x424-2.png 640w, https:\/\/greenhouse.immo\/wp-content\/uploads\/2023\/03\/pabst-bsh-fichte-mask-640x424-2-300x199.png 300w\" sizes=\"auto, (max-width: 640px) 100vw, 640px\" \/><\/figure><div class=\"wp-block-media-text__content\">\n<h2 class=\"wp-block-heading\">Bois lamell\u00e9-coll\u00e9<\/h2>\n\n\n\n<p style=\"font-size:15px\">Un lamell\u00e9-coll\u00e9 est fabriqu\u00e9 \u00e0 partir de couches de lamelles de bois (\"lams\") qui sont coll\u00e9es ensemble \u00e0 l'aide d'adh\u00e9sifs industriels (colle). Les bois lamell\u00e9s-coll\u00e9s sont fabriqu\u00e9s pour r\u00e9pondre \u00e0 une gamme de contraintes de conception. Les poutres sont fabriqu\u00e9es avec les lamelles les plus r\u00e9sistantes en bas et en haut de la poutre, l\u00e0 o\u00f9 les contraintes de tension et de compression sont les plus fortes.<\/p>\n<\/div><\/div>\n\n\n\n<div class=\"wp-block-group\"><div class=\"wp-block-group__inner-container is-layout-constrained wp-block-group-is-layout-constrained\">\n<div class=\"wp-block-media-text alignwide has-media-on-the-right is-stacked-on-mobile coblocks-animate\" style=\"grid-template-columns:auto 45%\" data-coblocks-animation=\"clipHorizontal\"><div class=\"wp-block-media-text__content\">\n<h2 class=\"wp-block-heading\">Panneau OSB<\/h2>\n\n\n\n<p>Le panneau OSB (oriented strand board) est un produit d\u00e9coratif de haute technologie fabriqu\u00e9 \u00e0 partir de bois naturel. La structure des copeaux lui conf\u00e8re non seulement son aspect caract\u00e9ristique, mais aussi une r\u00e9sistance \u00e0 la flexion exceptionnellement \u00e9lev\u00e9e. Le panneau OSB est constitu\u00e9 de longues et \u00e9troites bandes de bois dispos\u00e9es transversalement en deux couches sup\u00e9rieures et une couche interm\u00e9diaire.<\/p>\n<\/div><figure class=\"wp-block-media-text__media\"><img loading=\"lazy\" decoding=\"async\" width=\"1024\" height=\"1024\" src=\"https:\/\/greenhouse.immo\/wp-content\/uploads\/2023\/03\/OSB-rigid-hight-tech-1-1024x1024.jpg\" alt=\"\" class=\"wp-image-11603 size-full\" srcset=\"https:\/\/greenhouse.immo\/wp-content\/uploads\/2023\/03\/OSB-rigid-hight-tech-1-1024x1024.jpg 1024w, https:\/\/greenhouse.immo\/wp-content\/uploads\/2023\/03\/OSB-rigid-hight-tech-1-300x300.jpg 300w, https:\/\/greenhouse.immo\/wp-content\/uploads\/2023\/03\/OSB-rigid-hight-tech-1-150x150.jpg 150w, https:\/\/greenhouse.immo\/wp-content\/uploads\/2023\/03\/OSB-rigid-hight-tech-1-768x768.jpg 768w, https:\/\/greenhouse.immo\/wp-content\/uploads\/2023\/03\/OSB-rigid-hight-tech-1-460x460.jpg 460w, https:\/\/greenhouse.immo\/wp-content\/uploads\/2023\/03\/OSB-rigid-hight-tech-1-800x800.jpg 800w, https:\/\/greenhouse.immo\/wp-content\/uploads\/2023\/03\/OSB-rigid-hight-tech-1-110x110.jpg 110w, https:\/\/greenhouse.immo\/wp-content\/uploads\/2023\/03\/OSB-rigid-hight-tech-1-50x50.jpg 50w, https:\/\/greenhouse.immo\/wp-content\/uploads\/2023\/03\/OSB-rigid-hight-tech-1-100x100.jpg 100w, https:\/\/greenhouse.immo\/wp-content\/uploads\/2023\/03\/OSB-rigid-hight-tech-1-600x600.jpg 600w, https:\/\/greenhouse.immo\/wp-content\/uploads\/2023\/03\/OSB-rigid-hight-tech-1-96x96.jpg 96w, https:\/\/greenhouse.immo\/wp-content\/uploads\/2023\/03\/OSB-rigid-hight-tech-1.jpg 1200w\" sizes=\"auto, (max-width: 1024px) 100vw, 1024px\" \/><\/figure><\/div>\n<\/div><\/div>\n\n\n\n<div class=\"wp-block-media-text alignwide is-stacked-on-mobile coblocks-animate\" style=\"grid-template-columns:45% auto\" data-coblocks-animation=\"clipHorizontal\"><figure class=\"wp-block-media-text__media\"><img loading=\"lazy\" decoding=\"async\" width=\"1024\" height=\"576\" src=\"https:\/\/greenhouse.immo\/wp-content\/uploads\/2023\/03\/best-wood-multitherm_110-1-1024x576.jpg\" alt=\"\" class=\"wp-image-11911 size-full\" srcset=\"https:\/\/greenhouse.immo\/wp-content\/uploads\/2023\/03\/best-wood-multitherm_110-1-1024x576.jpg 1024w, https:\/\/greenhouse.immo\/wp-content\/uploads\/2023\/03\/best-wood-multitherm_110-1-300x169.jpg 300w, https:\/\/greenhouse.immo\/wp-content\/uploads\/2023\/03\/best-wood-multitherm_110-1-768x432.jpg 768w, https:\/\/greenhouse.immo\/wp-content\/uploads\/2023\/03\/best-wood-multitherm_110-1-1536x864.jpg 1536w, https:\/\/greenhouse.immo\/wp-content\/uploads\/2023\/03\/best-wood-multitherm_110-1-800x450.jpg 800w, https:\/\/greenhouse.immo\/wp-content\/uploads\/2023\/03\/best-wood-multitherm_110-1.jpg 1920w\" sizes=\"auto, (max-width: 1024px) 100vw, 1024px\" \/><\/figure><div class=\"wp-block-media-text__content\">\n<h2 class=\"wp-block-heading\">Isolation en fibre de bois<\/h2>\n\n\n\n<p>L'isolation en fibres de bois est un panneau isolant en fibres de bois r\u00e9sistant \u00e0 la pression, de faible poids et pr\u00e9sentant une excellente conductivit\u00e9 thermique. L'isolation en fibres de bois peut \u00eatre utilis\u00e9e de mani\u00e8re universelle pour les toits et les murs.<\/p>\n<\/div><\/div>\n\n\n\n<div class=\"wp-block-media-text alignwide has-media-on-the-right is-stacked-on-mobile\"><div class=\"wp-block-media-text__content\">\n<h2 class=\"wp-block-heading\">CLT - Bois lamell\u00e9-crois\u00e9<\/h2>\n\n\n\n<p>Le CLT - Cross laminated timber (bois lamell\u00e9-crois\u00e9) est un \u00e9l\u00e9ment de syst\u00e8me solide et pr\u00e9fabriqu\u00e9 en bois. Il combine les nombreux avantages du bois avec les derni\u00e8res avanc\u00e9es technologiques qui permettent un haut degr\u00e9 de pr\u00e9fabrication et une construction rapide et s\u00fbre. Par rapport \u00e0 son poids, le CLT est l'un des mat\u00e9riaux de construction les plus performants pour les b\u00e2timents \u00e0 plusieurs \u00e9tages tels que les immeubles r\u00e9sidentiels, les b\u00e2timents commerciaux (bureaux, h\u00f4tels), les b\u00e2timents municipaux tels que les \u00e9coles, les jardins d'enfants ou les maisons de retraite et bien d'autres encore.<\/p>\n<\/div><figure class=\"wp-block-media-text__media\"><img loading=\"lazy\" decoding=\"async\" width=\"768\" height=\"512\" src=\"https:\/\/greenhouse.immo\/wp-content\/uploads\/2023\/03\/CLT-768x512-1.png\" alt=\"\" class=\"wp-image-12779 size-full\" srcset=\"https:\/\/greenhouse.immo\/wp-content\/uploads\/2023\/03\/CLT-768x512-1.png 768w, https:\/\/greenhouse.immo\/wp-content\/uploads\/2023\/03\/CLT-768x512-1-300x200.png 300w, https:\/\/greenhouse.immo\/wp-content\/uploads\/2023\/03\/CLT-768x512-1-18x12.png 18w\" sizes=\"auto, (max-width: 768px) 100vw, 768px\" \/><\/figure><\/div>\n\n\n\n<div class=\"wp-block-media-text alignwide is-stacked-on-mobile coblocks-animate\" style=\"grid-template-columns:45% auto\" data-coblocks-animation=\"clipHorizontal\"><figure class=\"wp-block-media-text__media\"><img loading=\"lazy\" decoding=\"async\" width=\"1000\" height=\"770\" src=\"https:\/\/greenhouse.immo\/wp-content\/uploads\/2023\/03\/large-fermacell-10mm.png\" alt=\"\" class=\"wp-image-11901 size-full\" srcset=\"https:\/\/greenhouse.immo\/wp-content\/uploads\/2023\/03\/large-fermacell-10mm.png 1000w, https:\/\/greenhouse.immo\/wp-content\/uploads\/2023\/03\/large-fermacell-10mm-300x231.png 300w, https:\/\/greenhouse.immo\/wp-content\/uploads\/2023\/03\/large-fermacell-10mm-768x591.png 768w, https:\/\/greenhouse.immo\/wp-content\/uploads\/2023\/03\/large-fermacell-10mm-800x616.png 800w\" sizes=\"auto, (max-width: 1000px) 100vw, 1000px\" \/><\/figure><div class=\"wp-block-media-text__content\">\n<h2 class=\"wp-block-heading\">Diff\u00e9rents types de plaques de pl\u00e2tre arm\u00e9 de fibres<\/h2>\n\n\n\n<p>Le panneau de fibres de gypse est un mat\u00e9riau renforc\u00e9 compos\u00e9 de gypse et de fibres de cellulose. Ces deux mati\u00e8res premi\u00e8res sont m\u00e9lang\u00e9es et, apr\u00e8s ajout d'eau (sans autres liants), elles sont press\u00e9es sous haute pression pour former des panneaux. Apr\u00e8s s\u00e9chage, les panneaux sont impr\u00e9gn\u00e9s d'un agent hydrophobe et d\u00e9coup\u00e9s dans les dimensions souhait\u00e9es.<\/p>\n<\/div><\/div>\n\n\n\n<div class=\"wp-block-media-text alignwide has-media-on-the-right is-stacked-on-mobile coblocks-animate\" data-coblocks-animation=\"clipHorizontal\"><div class=\"wp-block-media-text__content\">\n<h2 class=\"wp-block-heading\">Polystyr\u00e8ne expans\u00e9 (EPS)<\/h2>\n\n\n\n<p>Le polystyr\u00e8ne expans\u00e9 (EPS) est largement utilis\u00e9 dans de nombreuses applications quotidiennes o\u00f9 ses caract\u00e9ristiques de l\u00e9g\u00e8ret\u00e9, de r\u00e9sistance, de durabilit\u00e9, d'isolation thermique et d'absorption des chocs offrent des avantages sup\u00e9rieurs \u00e0 ceux d'autres mat\u00e9riaux. Ses propri\u00e9t\u00e9s d'isolation permettent de r\u00e9duire les co\u00fbts \u00e9nerg\u00e9tiques.<\/p>\n<\/div><figure class=\"wp-block-media-text__media\"><img loading=\"lazy\" decoding=\"async\" width=\"450\" height=\"450\" src=\"https:\/\/greenhouse.immo\/wp-content\/uploads\/2023\/03\/gppss.jpg\" alt=\"\" class=\"wp-image-11915 size-full\" srcset=\"https:\/\/greenhouse.immo\/wp-content\/uploads\/2023\/03\/gppss.jpg 450w, https:\/\/greenhouse.immo\/wp-content\/uploads\/2023\/03\/gppss-300x300.jpg 300w, https:\/\/greenhouse.immo\/wp-content\/uploads\/2023\/03\/gppss-150x150.jpg 150w, https:\/\/greenhouse.immo\/wp-content\/uploads\/2023\/03\/gppss-110x110.jpg 110w, https:\/\/greenhouse.immo\/wp-content\/uploads\/2023\/03\/gppss-50x50.jpg 50w, https:\/\/greenhouse.immo\/wp-content\/uploads\/2023\/03\/gppss-100x100.jpg 100w, https:\/\/greenhouse.immo\/wp-content\/uploads\/2023\/03\/gppss-96x96.jpg 96w\" sizes=\"auto, (max-width: 450px) 100vw, 450px\" \/><\/figure><\/div>\n\n\n\n<div class=\"wp-block-media-text alignwide is-stacked-on-mobile coblocks-animate\" style=\"grid-template-columns:30% auto\" data-coblocks-animation=\"clipHorizontal\"><figure class=\"wp-block-media-text__media\"><img loading=\"lazy\" decoding=\"async\" width=\"612\" height=\"612\" src=\"https:\/\/greenhouse.immo\/wp-content\/uploads\/2023\/03\/4558d8a6-6e72-4cc4-bb8c-cc3d4e866a75.3e8208e54fc5830769b5baeecc2da428.jpeg\" alt=\"\" class=\"wp-image-11976 size-full\" srcset=\"https:\/\/greenhouse.immo\/wp-content\/uploads\/2023\/03\/4558d8a6-6e72-4cc4-bb8c-cc3d4e866a75.3e8208e54fc5830769b5baeecc2da428.jpeg 612w, https:\/\/greenhouse.immo\/wp-content\/uploads\/2023\/03\/4558d8a6-6e72-4cc4-bb8c-cc3d4e866a75.3e8208e54fc5830769b5baeecc2da428-300x300.jpeg 300w, https:\/\/greenhouse.immo\/wp-content\/uploads\/2023\/03\/4558d8a6-6e72-4cc4-bb8c-cc3d4e866a75.3e8208e54fc5830769b5baeecc2da428-150x150.jpeg 150w, https:\/\/greenhouse.immo\/wp-content\/uploads\/2023\/03\/4558d8a6-6e72-4cc4-bb8c-cc3d4e866a75.3e8208e54fc5830769b5baeecc2da428-460x460.jpeg 460w, https:\/\/greenhouse.immo\/wp-content\/uploads\/2023\/03\/4558d8a6-6e72-4cc4-bb8c-cc3d4e866a75.3e8208e54fc5830769b5baeecc2da428-110x110.jpeg 110w, https:\/\/greenhouse.immo\/wp-content\/uploads\/2023\/03\/4558d8a6-6e72-4cc4-bb8c-cc3d4e866a75.3e8208e54fc5830769b5baeecc2da428-50x50.jpeg 50w, https:\/\/greenhouse.immo\/wp-content\/uploads\/2023\/03\/4558d8a6-6e72-4cc4-bb8c-cc3d4e866a75.3e8208e54fc5830769b5baeecc2da428-100x100.jpeg 100w, https:\/\/greenhouse.immo\/wp-content\/uploads\/2023\/03\/4558d8a6-6e72-4cc4-bb8c-cc3d4e866a75.3e8208e54fc5830769b5baeecc2da428-600x600.jpeg 600w, https:\/\/greenhouse.immo\/wp-content\/uploads\/2023\/03\/4558d8a6-6e72-4cc4-bb8c-cc3d4e866a75.3e8208e54fc5830769b5baeecc2da428-96x96.jpeg 96w\" sizes=\"auto, (max-width: 612px) 100vw, 612px\" \/><\/figure><div class=\"wp-block-media-text__content\">\n<h2 class=\"wp-block-heading\">Pare-vapeur <\/h2>\n\n\n\n<p>Le pare-vapeur est un mat\u00e9riau utilis\u00e9 pour l'imperm\u00e9abilisation, g\u00e9n\u00e9ralement une feuille de plastique ou d'aluminium, qui r\u00e9siste \u00e0 la diffusion de l'humidit\u00e9 \u00e0 travers les murs, les planchers, les plafonds ou les toits des b\u00e2timents et des emballages afin d'emp\u00eacher la condensation interstitielle. Techniquement, beaucoup de ces mat\u00e9riaux ne sont que des retardateurs de vapeur car ils ont des degr\u00e9s de perm\u00e9abilit\u00e9 variables.<\/p>\n<\/div><\/div>","protected":false},"excerpt":{"rendered":"<p>Glued laminated timber A glulam is manufactured from layers of wood laminations (\u201clams\u201d) that are bonded together with industrial adhesives (glue). Glulam timbers are manufactured to meet a range of design stresses. Beams are manufactured with the strongest lams on the bottom and top of the beam, where maximum tension and compression stresses occur. OSB [&hellip;]<\/p>","protected":false},"author":3,"featured_media":0,"parent":0,"menu_order":0,"comment_status":"closed","ping_status":"closed","template":"","meta":{"_coblocks_attr":"","_coblocks_dimensions":"","_coblocks_responsive_height":"","_coblocks_accordion_ie_support":"","footnotes":""},"class_list":["post-11866","page","type-page","status-publish","hentry"],"_links":{"self":[{"href":"https:\/\/greenhouse.immo\/fr\/wp-json\/wp\/v2\/pages\/11866","targetHints":{"allow":["GET"]}}],"collection":[{"href":"https:\/\/greenhouse.immo\/fr\/wp-json\/wp\/v2\/pages"}],"about":[{"href":"https:\/\/greenhouse.immo\/fr\/wp-json\/wp\/v2\/types\/page"}],"author":[{"embeddable":true,"href":"https:\/\/greenhouse.immo\/fr\/wp-json\/wp\/v2\/users\/3"}],"replies":[{"embeddable":true,"href":"https:\/\/greenhouse.immo\/fr\/wp-json\/wp\/v2\/comments?post=11866"}],"version-history":[{"count":0,"href":"https:\/\/greenhouse.immo\/fr\/wp-json\/wp\/v2\/pages\/11866\/revisions"}],"wp:attachment":[{"href":"https:\/\/greenhouse.immo\/fr\/wp-json\/wp\/v2\/media?parent=11866"}],"curies":[{"name":"wp","href":"https:\/\/api.w.org\/{rel}","templated":true}]}}