{"id":11866,"date":"2023-03-16T09:17:43","date_gmt":"2023-03-16T09:17:43","guid":{"rendered":"https:\/\/greenhouse.immo\/?page_id=11866"},"modified":"2023-03-29T12:22:43","modified_gmt":"2023-03-29T12:22:43","slug":"material","status":"publish","type":"page","link":"https:\/\/greenhouse.immo\/sq\/material\/","title":{"rendered":"Materialet"},"content":{"rendered":"<div class=\"wp-block-media-text is-stacked-on-mobile is-style-default coblocks-animate\" style=\"grid-template-columns:45% auto\" data-coblocks-animation=\"clipHorizontal\"><figure class=\"wp-block-media-text__media\"><img loading=\"lazy\" decoding=\"async\" width=\"640\" height=\"424\" src=\"https:\/\/greenhouse.immo\/wp-content\/uploads\/2023\/03\/pabst-bsh-fichte-mask-640x424-2.png\" alt=\"\" class=\"wp-image-11881 size-full\" srcset=\"https:\/\/greenhouse.immo\/wp-content\/uploads\/2023\/03\/pabst-bsh-fichte-mask-640x424-2.png 640w, https:\/\/greenhouse.immo\/wp-content\/uploads\/2023\/03\/pabst-bsh-fichte-mask-640x424-2-300x199.png 300w\" sizes=\"auto, (max-width: 640px) 100vw, 640px\" \/><\/figure><div class=\"wp-block-media-text__content\">\n<h2 class=\"wp-block-heading\">Druri i laminuar<\/h2>\n\n\n\n<p style=\"font-size:15px\">Nj\u00eb glulam prodhohet nga shtresat e pet\u00ebzimit t\u00eb drurit (\u201clamat\u201d) q\u00eb jan\u00eb t\u00eb lidhura s\u00eb bashku me ngjit\u00ebs industrial\u00eb (ngjit\u00ebs). L\u00ebnd\u00eb drusore Glulam jan\u00eb prodhuar p\u00ebr t\u00eb p\u00ebrmbushur nj\u00eb s\u00ebr\u00eb stresesh t\u00eb projektimit. Trar\u00ebt prodhohen me llambat m\u00eb t\u00eb forta n\u00eb pjes\u00ebn e poshtme dhe t\u00eb sip\u00ebrme t\u00eb traut, ku ndodhin tensionet maksimale dhe streset e ngjeshjes.<\/p>\n<\/div><\/div>\n\n\n\n<div class=\"wp-block-group\"><div class=\"wp-block-group__inner-container is-layout-constrained wp-block-group-is-layout-constrained\">\n<div class=\"wp-block-media-text alignwide has-media-on-the-right is-stacked-on-mobile coblocks-animate\" style=\"grid-template-columns:auto 45%\" data-coblocks-animation=\"clipHorizontal\"><div class=\"wp-block-media-text__content\">\n<h2 class=\"wp-block-heading\">Paneli OSB<\/h2>\n\n\n\n<p>Paneli OSB (d\u00ebrras\u00eb me filles\u00eb t\u00eb orientuar) \u00ebsht\u00eb produkt dekorativ i teknologjis\u00eb s\u00eb lart\u00eb i b\u00ebr\u00eb nga druri natyral. Struktura e \u00e7ipit jo vet\u00ebm q\u00eb i jep pamjen karakteristike, por edhe nivelin jasht\u00ebzakonisht t\u00eb lart\u00eb t\u00eb forc\u00ebs n\u00eb p\u00ebrkulje. Paneli OSB \u00ebsht\u00eb b\u00ebr\u00eb nga shirita t\u00eb gjat\u00eb e t\u00eb ngusht\u00eb druri q\u00eb jan\u00eb t\u00eb vendosur n\u00eb m\u00ebnyr\u00eb t\u00ebrthore me dy shtresa t\u00eb sip\u00ebrme dhe nj\u00eb shtres\u00eb t\u00eb mesme.<\/p>\n<\/div><figure class=\"wp-block-media-text__media\"><img loading=\"lazy\" decoding=\"async\" width=\"1024\" height=\"1024\" src=\"https:\/\/greenhouse.immo\/wp-content\/uploads\/2023\/03\/OSB-rigid-hight-tech-1-1024x1024.jpg\" alt=\"\" class=\"wp-image-11603 size-full\" srcset=\"https:\/\/greenhouse.immo\/wp-content\/uploads\/2023\/03\/OSB-rigid-hight-tech-1-1024x1024.jpg 1024w, https:\/\/greenhouse.immo\/wp-content\/uploads\/2023\/03\/OSB-rigid-hight-tech-1-300x300.jpg 300w, https:\/\/greenhouse.immo\/wp-content\/uploads\/2023\/03\/OSB-rigid-hight-tech-1-150x150.jpg 150w, https:\/\/greenhouse.immo\/wp-content\/uploads\/2023\/03\/OSB-rigid-hight-tech-1-768x768.jpg 768w, https:\/\/greenhouse.immo\/wp-content\/uploads\/2023\/03\/OSB-rigid-hight-tech-1-460x460.jpg 460w, https:\/\/greenhouse.immo\/wp-content\/uploads\/2023\/03\/OSB-rigid-hight-tech-1-800x800.jpg 800w, https:\/\/greenhouse.immo\/wp-content\/uploads\/2023\/03\/OSB-rigid-hight-tech-1-110x110.jpg 110w, https:\/\/greenhouse.immo\/wp-content\/uploads\/2023\/03\/OSB-rigid-hight-tech-1-50x50.jpg 50w, https:\/\/greenhouse.immo\/wp-content\/uploads\/2023\/03\/OSB-rigid-hight-tech-1-100x100.jpg 100w, https:\/\/greenhouse.immo\/wp-content\/uploads\/2023\/03\/OSB-rigid-hight-tech-1-600x600.jpg 600w, https:\/\/greenhouse.immo\/wp-content\/uploads\/2023\/03\/OSB-rigid-hight-tech-1-96x96.jpg 96w, https:\/\/greenhouse.immo\/wp-content\/uploads\/2023\/03\/OSB-rigid-hight-tech-1.jpg 1200w\" sizes=\"auto, (max-width: 1024px) 100vw, 1024px\" \/><\/figure><\/div>\n<\/div><\/div>\n\n\n\n<div class=\"wp-block-media-text alignwide is-stacked-on-mobile coblocks-animate\" style=\"grid-template-columns:45% auto\" data-coblocks-animation=\"clipHorizontal\"><figure class=\"wp-block-media-text__media\"><img loading=\"lazy\" decoding=\"async\" width=\"1024\" height=\"576\" src=\"https:\/\/greenhouse.immo\/wp-content\/uploads\/2023\/03\/best-wood-multitherm_110-1-1024x576.jpg\" alt=\"\" class=\"wp-image-11911 size-full\" srcset=\"https:\/\/greenhouse.immo\/wp-content\/uploads\/2023\/03\/best-wood-multitherm_110-1-1024x576.jpg 1024w, https:\/\/greenhouse.immo\/wp-content\/uploads\/2023\/03\/best-wood-multitherm_110-1-300x169.jpg 300w, https:\/\/greenhouse.immo\/wp-content\/uploads\/2023\/03\/best-wood-multitherm_110-1-768x432.jpg 768w, https:\/\/greenhouse.immo\/wp-content\/uploads\/2023\/03\/best-wood-multitherm_110-1-1536x864.jpg 1536w, https:\/\/greenhouse.immo\/wp-content\/uploads\/2023\/03\/best-wood-multitherm_110-1-800x450.jpg 800w, https:\/\/greenhouse.immo\/wp-content\/uploads\/2023\/03\/best-wood-multitherm_110-1.jpg 1920w\" sizes=\"auto, (max-width: 1024px) 100vw, 1024px\" \/><\/figure><div class=\"wp-block-media-text__content\">\n<h2 class=\"wp-block-heading\">Izolimi me fibra druri<\/h2>\n\n\n\n<p>Izolimi me fibra druri \u00ebsht\u00eb nj\u00eb pllak\u00eb izolimi me fibra druri rezistente ndaj presionit me pesh\u00eb t\u00eb ul\u00ebt dhe nj\u00eb vler\u00eb t\u00eb shk\u00eblqyer p\u00ebr p\u00ebr\u00e7ueshm\u00ebri termike. Izolimi me fibra druri mund t\u00eb p\u00ebrdoret n\u00eb m\u00ebnyr\u00eb universale p\u00ebr \u00e7ati dhe mure.<\/p>\n<\/div><\/div>\n\n\n\n<div class=\"wp-block-media-text alignwide has-media-on-the-right is-stacked-on-mobile\"><div class=\"wp-block-media-text__content\">\n<h2 class=\"wp-block-heading\">CLT- Druri i laminuar<\/h2>\n\n\n\n<p>CLT - Druri i laminuar kryq \u00ebsht\u00eb nj\u00eb sistem element\u00ebsh i parafabrikuar i fort\u00eb i b\u00ebr\u00eb nga druri. Ai kombinon avantazhet e shumta t\u00eb drurit me arritjet m\u00eb t\u00eb fundit teknologjike q\u00eb mund\u00ebsojn\u00eb nj\u00eb shkall\u00eb t\u00eb lart\u00eb parafabrikimi dhe nd\u00ebrtim t\u00eb shpejt\u00eb e t\u00eb sigurt. Krahasuar me pesh\u00ebn e tij, CLT \u00ebsht\u00eb nj\u00eb nga materialet nd\u00ebrtimore m\u00eb t\u00eb afta p\u00ebr nd\u00ebrtesa shum\u00ebkat\u00ebshe si nd\u00ebrtesa banimi, nd\u00ebrtesa tregtare (zyra, hotele), nd\u00ebrtesa komunale si shkolla, kopshte apo sht\u00ebpi pleqsh dhe shum\u00eb m\u00eb tep\u00ebr.<\/p>\n<\/div><figure class=\"wp-block-media-text__media\"><img loading=\"lazy\" decoding=\"async\" width=\"768\" height=\"512\" src=\"https:\/\/greenhouse.immo\/wp-content\/uploads\/2023\/03\/CLT-768x512-1.png\" alt=\"\" class=\"wp-image-12779 size-full\" srcset=\"https:\/\/greenhouse.immo\/wp-content\/uploads\/2023\/03\/CLT-768x512-1.png 768w, https:\/\/greenhouse.immo\/wp-content\/uploads\/2023\/03\/CLT-768x512-1-300x200.png 300w, https:\/\/greenhouse.immo\/wp-content\/uploads\/2023\/03\/CLT-768x512-1-18x12.png 18w\" sizes=\"auto, (max-width: 768px) 100vw, 768px\" \/><\/figure><\/div>\n\n\n\n<div class=\"wp-block-media-text alignwide is-stacked-on-mobile coblocks-animate\" style=\"grid-template-columns:45% auto\" data-coblocks-animation=\"clipHorizontal\"><figure class=\"wp-block-media-text__media\"><img loading=\"lazy\" decoding=\"async\" width=\"1000\" height=\"770\" src=\"https:\/\/greenhouse.immo\/wp-content\/uploads\/2023\/03\/large-fermacell-10mm.png\" alt=\"\" class=\"wp-image-11901 size-full\" srcset=\"https:\/\/greenhouse.immo\/wp-content\/uploads\/2023\/03\/large-fermacell-10mm.png 1000w, https:\/\/greenhouse.immo\/wp-content\/uploads\/2023\/03\/large-fermacell-10mm-300x231.png 300w, https:\/\/greenhouse.immo\/wp-content\/uploads\/2023\/03\/large-fermacell-10mm-768x591.png 768w, https:\/\/greenhouse.immo\/wp-content\/uploads\/2023\/03\/large-fermacell-10mm-800x616.png 800w\" sizes=\"auto, (max-width: 1000px) 100vw, 1000px\" \/><\/figure><div class=\"wp-block-media-text__content\">\n<h2 class=\"wp-block-heading\">Lloje t\u00eb ndryshme pllakash me fibra gipsi<\/h2>\n\n\n\n<p>Pllaka me fibra gipsi \u00ebsht\u00eb nj\u00eb material i p\u00ebrforcuar i p\u00ebrb\u00ebr\u00eb nga gips dhe fibra celuloze. K\u00ebto dy l\u00ebnd\u00eb t\u00eb para p\u00ebrzihen dhe pas shtimit t\u00eb ujit (pa l\u00ebnd\u00eb t\u00eb tjera lidh\u00ebse) shtypen n\u00ebn presion t\u00eb lart\u00eb p\u00ebr t\u00eb formuar flet\u00eb panelesh. Pas tharjes, panelet ngopen me nj\u00eb agjent hidrofobik dhe priten n\u00eb madh\u00ebsit\u00eb e d\u00ebshiruara.<\/p>\n<\/div><\/div>\n\n\n\n<div class=\"wp-block-media-text alignwide has-media-on-the-right is-stacked-on-mobile coblocks-animate\" data-coblocks-animation=\"clipHorizontal\"><div class=\"wp-block-media-text__content\">\n<h2 class=\"wp-block-heading\">Polistireni i zgjeruar (EPS)<\/h2>\n\n\n\n<p>Polistireni i zgjeruar (EPS) p\u00ebrdoret gjer\u00ebsisht n\u00eb shum\u00eb aplikime t\u00eb p\u00ebrditshme ku pesha e tij e leht\u00eb, forca, q\u00ebndrueshm\u00ebria, izolimi termik dhe karakteristikat e thithjes s\u00eb goditjeve ofrojn\u00eb p\u00ebrfitime superiore ndaj materialeve t\u00eb tjera. Karakteristikat e tij izoluese rezultojn\u00eb n\u00eb ulje t\u00eb kostove t\u00eb energjis\u00eb.<\/p>\n<\/div><figure class=\"wp-block-media-text__media\"><img loading=\"lazy\" decoding=\"async\" width=\"450\" height=\"450\" src=\"https:\/\/greenhouse.immo\/wp-content\/uploads\/2023\/03\/gppss.jpg\" alt=\"\" class=\"wp-image-11915 size-full\" srcset=\"https:\/\/greenhouse.immo\/wp-content\/uploads\/2023\/03\/gppss.jpg 450w, https:\/\/greenhouse.immo\/wp-content\/uploads\/2023\/03\/gppss-300x300.jpg 300w, https:\/\/greenhouse.immo\/wp-content\/uploads\/2023\/03\/gppss-150x150.jpg 150w, https:\/\/greenhouse.immo\/wp-content\/uploads\/2023\/03\/gppss-110x110.jpg 110w, https:\/\/greenhouse.immo\/wp-content\/uploads\/2023\/03\/gppss-50x50.jpg 50w, https:\/\/greenhouse.immo\/wp-content\/uploads\/2023\/03\/gppss-100x100.jpg 100w, https:\/\/greenhouse.immo\/wp-content\/uploads\/2023\/03\/gppss-96x96.jpg 96w\" sizes=\"auto, (max-width: 450px) 100vw, 450px\" \/><\/figure><\/div>\n\n\n\n<div class=\"wp-block-media-text alignwide is-stacked-on-mobile coblocks-animate\" style=\"grid-template-columns:30% auto\" data-coblocks-animation=\"clipHorizontal\"><figure class=\"wp-block-media-text__media\"><img loading=\"lazy\" decoding=\"async\" width=\"612\" height=\"612\" src=\"https:\/\/greenhouse.immo\/wp-content\/uploads\/2023\/03\/4558d8a6-6e72-4cc4-bb8c-cc3d4e866a75.3e8208e54fc5830769b5baeecc2da428.jpeg\" alt=\"\" class=\"wp-image-11976 size-full\" srcset=\"https:\/\/greenhouse.immo\/wp-content\/uploads\/2023\/03\/4558d8a6-6e72-4cc4-bb8c-cc3d4e866a75.3e8208e54fc5830769b5baeecc2da428.jpeg 612w, https:\/\/greenhouse.immo\/wp-content\/uploads\/2023\/03\/4558d8a6-6e72-4cc4-bb8c-cc3d4e866a75.3e8208e54fc5830769b5baeecc2da428-300x300.jpeg 300w, https:\/\/greenhouse.immo\/wp-content\/uploads\/2023\/03\/4558d8a6-6e72-4cc4-bb8c-cc3d4e866a75.3e8208e54fc5830769b5baeecc2da428-150x150.jpeg 150w, https:\/\/greenhouse.immo\/wp-content\/uploads\/2023\/03\/4558d8a6-6e72-4cc4-bb8c-cc3d4e866a75.3e8208e54fc5830769b5baeecc2da428-460x460.jpeg 460w, https:\/\/greenhouse.immo\/wp-content\/uploads\/2023\/03\/4558d8a6-6e72-4cc4-bb8c-cc3d4e866a75.3e8208e54fc5830769b5baeecc2da428-110x110.jpeg 110w, https:\/\/greenhouse.immo\/wp-content\/uploads\/2023\/03\/4558d8a6-6e72-4cc4-bb8c-cc3d4e866a75.3e8208e54fc5830769b5baeecc2da428-50x50.jpeg 50w, https:\/\/greenhouse.immo\/wp-content\/uploads\/2023\/03\/4558d8a6-6e72-4cc4-bb8c-cc3d4e866a75.3e8208e54fc5830769b5baeecc2da428-100x100.jpeg 100w, https:\/\/greenhouse.immo\/wp-content\/uploads\/2023\/03\/4558d8a6-6e72-4cc4-bb8c-cc3d4e866a75.3e8208e54fc5830769b5baeecc2da428-600x600.jpeg 600w, https:\/\/greenhouse.immo\/wp-content\/uploads\/2023\/03\/4558d8a6-6e72-4cc4-bb8c-cc3d4e866a75.3e8208e54fc5830769b5baeecc2da428-96x96.jpeg 96w\" sizes=\"auto, (max-width: 612px) 100vw, 612px\" \/><\/figure><div class=\"wp-block-media-text__content\">\n<h2 class=\"wp-block-heading\">Folja difuzive <\/h2>\n\n\n\n<p>Folja difuzive \u00ebsht\u00eb \u00e7do material i p\u00ebrdorur p\u00ebr izolimin e lag\u00ebshtis\u00eb, zakonisht nj\u00eb flet\u00eb plastike ose flet\u00eb metalike, q\u00eb i reziston p\u00ebrhapjes s\u00eb lag\u00ebshtis\u00eb n\u00ebp\u00ebr montimet e murit, dyshemes\u00eb, tavanit ose \u00e7atis\u00eb s\u00eb nd\u00ebrtesave dhe paketimit p\u00ebr t\u00eb parandaluar kondensimin intersticial. Teknikisht, shum\u00eb prej k\u00ebtyre materialeve jan\u00eb vet\u00ebm ngadal\u00ebsues t\u00eb avullit pasi ato kan\u00eb shkall\u00eb t\u00eb ndryshme t\u00eb p\u00ebrshkueshm\u00ebris\u00eb.<\/p>\n<\/div><\/div>","protected":false},"excerpt":{"rendered":"<p>Glued laminated timber A glulam is manufactured from layers of wood laminations (\u201clams\u201d) that are bonded together with industrial adhesives (glue). Glulam timbers are manufactured to meet a range of design stresses. Beams are manufactured with the strongest lams on the bottom and top of the beam, where maximum tension and compression stresses occur. OSB [&hellip;]<\/p>","protected":false},"author":3,"featured_media":0,"parent":0,"menu_order":0,"comment_status":"closed","ping_status":"closed","template":"","meta":{"_coblocks_attr":"","_coblocks_dimensions":"","_coblocks_responsive_height":"","_coblocks_accordion_ie_support":"","footnotes":""},"class_list":["post-11866","page","type-page","status-publish","hentry"],"_links":{"self":[{"href":"https:\/\/greenhouse.immo\/sq\/wp-json\/wp\/v2\/pages\/11866","targetHints":{"allow":["GET"]}}],"collection":[{"href":"https:\/\/greenhouse.immo\/sq\/wp-json\/wp\/v2\/pages"}],"about":[{"href":"https:\/\/greenhouse.immo\/sq\/wp-json\/wp\/v2\/types\/page"}],"author":[{"embeddable":true,"href":"https:\/\/greenhouse.immo\/sq\/wp-json\/wp\/v2\/users\/3"}],"replies":[{"embeddable":true,"href":"https:\/\/greenhouse.immo\/sq\/wp-json\/wp\/v2\/comments?post=11866"}],"version-history":[{"count":0,"href":"https:\/\/greenhouse.immo\/sq\/wp-json\/wp\/v2\/pages\/11866\/revisions"}],"wp:attachment":[{"href":"https:\/\/greenhouse.immo\/sq\/wp-json\/wp\/v2\/media?parent=11866"}],"curies":[{"name":"wp","href":"https:\/\/api.w.org\/{rel}","templated":true}]}}